{"id":143,"date":"2016-06-20T07:48:11","date_gmt":"2016-06-20T07:48:11","guid":{"rendered":"http:\/\/sw-themes.com\/porto_dummy\/?page_id=143"},"modified":"2024-07-01T08:29:37","modified_gmt":"2024-07-01T08:29:37","slug":"home","status":"publish","type":"page","link":"https:\/\/www.intex.com.tr\/en\/","title":{"rendered":"HOME"},"content":{"rendered":"<section class=\"wpb-content-wrapper\"><div class=\"vc_row wpb_row top-row home-banner vc_custom_1691395321610 vc_row-has-fill porto-inner-container\"><div class=\"porto-wrap-container container\"><div class=\"row align-items-center\"><div class=\"mb-md-0 mb-4 vc_column_container col-md-8\"><div class=\"wpb_wrapper vc_column-inner\"><h2 style=\"font-size: 1.4em;line-height: 26px;font-weight:600;letter-spacing:-.5px\" class=\"vc_custom_heading d-inline mb-0 m-r-xs align-left\" >The Power Weaving Quality...<\/h2><p style=\"font-size: 1.12em;font-weight:300;letter-spacing:-.5px\" class=\"vc_custom_heading mb-0 vc_custom_1719141064453 align-left\" >Strengthen Your Yarns, Perfect Your Production.<\/p><\/div><\/div><div class=\"text-md-right vc_column_container col-md-4 vc_custom_1645944410330\"><div class=\"wpb_wrapper vc_column-inner\"><div class=\"vc_btn3-container  mb-0 font-weight-semibold vc_btn3-inline\" >\r\n\t<a class=\"vc_btn3 vc_btn3-shape-default wpb_custom_6687b26f39488ddbb85ddb3c1ce8e111 btn btn-lg btn-primary\" style=\"letter-spacing:-.5px; padding:1em 1.8em;\" href=\"https:\/\/www.intex.com.tr\/en\/iletisim\/\" title=\"\">Contact Details<\/a>\t<\/div>\r\n<\/div><\/div><\/div><\/div><\/div><div class=\"vc_row wpb_row top-row porto-inner-container\"><div class=\"porto-wrap-container container\"><div class=\"row\"><div class=\"vc_column_container col-md-6\"><div class=\"wpb_wrapper vc_column-inner\"><div class=\"vc_empty_space\"   style=\"height: 40px\"><span class=\"vc_empty_space_inner\"><\/span><\/div><h2 style=\"font-size: 25px\" class=\"vc_custom_heading vc_custom_1694256919010 align-left\" ><b>About Us<\/b><\/h2>\n\t<div class=\"wpb_text_column wpb_content_element\" >\n\t\t<div class=\"wpb_wrapper\">\n\t\t\t<p style=\"text-align: justify;\"><strong>\u0130ntex Kimya<\/strong>, is an innovative and customer-orientated chemical company operating in the textile industry. With years of experience and know-how, we offer high quality textile sizing products that increase the strength of yarns and ensure efficiency in the production process.<\/p>\n<p style=\"text-align: justify;\">Quality is one of the cornerstones of our business. Our products are manufactured and continuously inspected in accordance with international quality standards. At the same time, we aim to contribute to sustainability through environmentally friendly production processes. By developing environmentally friendly and biodegradable sizing products, we fulfil our responsibility to nature.<\/p>\n\n\t\t<\/div>\n\t<\/div>\n<div class=\"vc_row wpb_row vc_inner row mb-4 mb-lg-1 mb-xl-4 vc_custom_1719141325883 vc_row-o-content-middle vc_row-flex\" data-appear-animation=\"fadeInUp\" data-appear-animation-delay=\"170\" data-appear-animation-duration=\"700\"><div class=\"vc_column_container col-md-5 col-12\"><div class=\"wpb_wrapper vc_column-inner\"><div class=\"vc_btn3-container  custom-btn-style-1 custom-btn-primary mb-0 float-lg-end vc_btn3-inline\" >\r\n\t<a class=\"vc_btn3 vc_btn3-shape-default wpb_custom_6687b26f39488ddbb85ddb3c1ce8e111 btn btn-md btn-primary\" style=\"font-size:15.12px; font-weight:500; padding:12px 28px;\" href=\"https:\/\/www.intex.com.tr\/en\/hakkimizda\/\" title=\"About Us\">Read More<\/a>\t<\/div>\r\n<\/div><\/div><div class=\"vc_column_container col-md-7 col-12\"><div class=\"wpb_wrapper vc_column-inner\"><\/div><\/div><\/div><\/div><\/div><div class=\"vc_column_container col-md-6\"><div class=\"wpb_wrapper vc_column-inner\"><div class=\"vc_empty_space\"   style=\"height: 32px\"><span class=\"vc_empty_space_inner\"><\/span><\/div>\r\n\t<div class=\"wpb_single_image wpb_content_element vc_align_center\">\r\n\t\t<div class=\"wpb_wrapper\">\r\n\t\t\t\r\n\t\t\t<div class=\"vc_single_image-wrapper vc_box_shadow_3d  vc_box_border_grey\"><span class=\"vc_box_shadow_3d_wrap\"><img loading=\"lazy\" decoding=\"async\" width=\"1000\" height=\"769\" src=\"https:\/\/www.intex.com.tr\/wp-content\/uploads\/2024\/07\/hakkimizda.jpg\" class=\"vc_single_image-img attachment-full\" alt=\"\" title=\"\" srcset=\"https:\/\/www.intex.com.tr\/wp-content\/uploads\/2024\/07\/hakkimizda.jpg 1000w, https:\/\/www.intex.com.tr\/wp-content\/uploads\/2024\/07\/hakkimizda-768x591.jpg 768w, https:\/\/www.intex.com.tr\/wp-content\/uploads\/2024\/07\/hakkimizda-640x492.jpg 640w, https:\/\/www.intex.com.tr\/wp-content\/uploads\/2024\/07\/hakkimizda-400x308.jpg 400w\" sizes=\"auto, (max-width: 1000px) 100vw, 1000px\" \/><\/span><\/div>\r\n\t\t<\/div>\r\n\t<\/div>\r\n<\/div><\/div><\/div><\/div><\/div><div data-vc-full-width=\"true\" data-vc-full-width-init=\"false\" data-vc-parallax=\"\" class=\"vc_row wpb_row top-row vc_custom_1691319658384 section section-default mt-0 mb-0 section-no-borders vc_row-has-fill vc_general vc_parallax vc_parallax-content-moving porto-inner-container\"><div class=\"porto-wrap-container container\"><div class=\"row\"><div class=\"vc_column_container col-md-12 col-lg-12\"><div class=\"wpb_wrapper vc_column-inner\"><h2 style=\"font-size: 25px;text-align: center\" class=\"vc_custom_heading vc_custom_1719140765557\" ><b>Products<\/b><\/h2><\/div><\/div><div class=\"vc_column_container col-md-12\"><div class=\"wpb_wrapper vc_column-inner\"><div class=\"vc_row wpb_row vc_inner row\"><div class=\"vc_column_container col-md-6\"><div class=\"wpb_wrapper vc_column-inner\"><div class=\"porto-image-frame\"><div class=\"thumb-info\"><a href=\"https:\/\/www.intex.com.tr\/en\/urunler\/modifiye-nisastalar\/\" title=\"Modified Starches\" target=\"_self\"><span class=\"thumb-info-wrapper\"><img loading=\"lazy\" decoding=\"async\" alt=\"\" src=\"\/\/www.intex.com.tr\/wp-content\/uploads\/2024\/06\/modifiye-nisastalar.jpg\" class=\"img-responsive\" width=\"612\" height=\"408\"><span class=\"thumb-info-title\"><span class=\"thumb-info-inner\">Modified Starches<em><\/em><\/span><span class=\"thumb-info-type\">\u0130NTEX K\u0130MYA<\/span><\/span><span class=\"thumb-info-action\"><span class=\"thumb-info-action-icon\"><i class=\"fas fa-link\"><\/i><\/span><\/span><\/span><\/a><\/div><\/div><\/div><\/div><div class=\"vc_column_container col-md-6\"><div class=\"wpb_wrapper vc_column-inner\"><div class=\"porto-image-frame\"><div class=\"thumb-info\"><a href=\"https:\/\/www.intex.com.tr\/en\/urunler\/compaund-hasil-maddeleri\/\" title=\"Compaund Sizing Agents\" target=\"_self\"><span class=\"thumb-info-wrapper\"><img loading=\"lazy\" decoding=\"async\" alt=\"\" src=\"\/\/www.intex.com.tr\/wp-content\/uploads\/2024\/06\/compaund-hasil-maddeleri.jpg\" class=\"img-responsive\" width=\"612\" height=\"408\"><span class=\"thumb-info-title\"><span class=\"thumb-info-inner\">Compaund Sizing Agents<em><\/em><\/span><span class=\"thumb-info-type\">\u0130NTEX K\u0130MYA<\/span><\/span><span class=\"thumb-info-action\"><span class=\"thumb-info-action-icon\"><i class=\"fas fa-link\"><\/i><\/span><\/span><\/span><\/a><\/div><\/div><\/div><\/div><\/div><div class=\"vc_row wpb_row vc_inner row\"><div class=\"vc_column_container col-md-6\"><div class=\"wpb_wrapper vc_column-inner\"><div class=\"porto-image-frame\"><div class=\"thumb-info\"><a href=\"https:\/\/www.intex.com.tr\/en\/urunler\/hasil-yardimci-katki-maddeleri\/\" title=\"Sizing Auxiliary Additives\" target=\"_self\"><span class=\"thumb-info-wrapper\"><img loading=\"lazy\" decoding=\"async\" alt=\"\" src=\"\/\/www.intex.com.tr\/wp-content\/uploads\/2024\/06\/hasil-yardimci-katki-maddeleri.jpg\" class=\"img-responsive\" width=\"612\" height=\"407\"><span class=\"thumb-info-title\"><span class=\"thumb-info-inner\">Sizing Auxiliary Additives<em><\/em><\/span><span class=\"thumb-info-type\">\u0130NTEX K\u0130MYA<\/span><\/span><span class=\"thumb-info-action\"><span class=\"thumb-info-action-icon\"><i class=\"fas fa-link\"><\/i><\/span><\/span><\/span><\/a><\/div><\/div><\/div><\/div><div class=\"vc_column_container col-md-6\"><div class=\"wpb_wrapper vc_column-inner\"><div class=\"porto-image-frame\"><div class=\"thumb-info\"><a href=\"https:\/\/www.intex.com.tr\/en\/urunler\/hasil-wachs-ve-kopuk-kesici\/\" title=\"Sizing Wachs and Defoamer\" target=\"_self\"><span class=\"thumb-info-wrapper\"><img loading=\"lazy\" decoding=\"async\" alt=\"\" src=\"\/\/www.intex.com.tr\/wp-content\/uploads\/2024\/06\/HASIL-WACKS.jpg\" class=\"img-responsive\" width=\"612\" height=\"408\"><span class=\"thumb-info-title\"><span class=\"thumb-info-inner\">Sizing Wachs and Defoamer<em><\/em><\/span><span class=\"thumb-info-type\">\u0130NTEX K\u0130MYA<\/span><\/span><span class=\"thumb-info-action\"><span class=\"thumb-info-action-icon\"><i class=\"fas fa-link\"><\/i><\/span><\/span><\/span><\/a><\/div><\/div><\/div><\/div><\/div><\/div><\/div><\/div><\/div><\/div><div class=\"vc_row-full-width vc_clearfix\"><\/div><div class=\"vc_row wpb_row top-row m-b-xl porto-inner-container\"><div class=\"porto-wrap-container container\"><div class=\"row\"><div class=\"vc_column_container col-md-12\"><div class=\"wpb_wrapper vc_column-inner\"><div class=\"vc_empty_space\"   style=\"height: 40px\"><span class=\"vc_empty_space_inner\"><\/span><\/div><\/div><\/div><div class=\"vc_column_container col-md-6\"><div class=\"wpb_wrapper vc_column-inner\"><h4  class=\"vc_custom_heading align-left heading-dark\" ><strong>Contact Form<\/strong><\/h4>\n\t<div class=\"wpb_text_column wpb_content_element\" >\n\t\t<div class=\"wpb_wrapper\">\n\t\t\t<div id=\"quform-665d10\" class=\"quform quform-1 quform-theme-light quform-support-page-caching\"><form id=\"quform-form-665d10\" class=\"quform-form quform-form-1\" action=\"\/en\/wp-json\/wp\/v2\/pages\/143#quform-665d10\" method=\"post\" enctype=\"multipart\/form-data\" novalidate=\"novalidate\" data-options=\"{&quot;id&quot;:1,&quot;uniqueId&quot;:&quot;665d10&quot;,&quot;theme&quot;:&quot;light&quot;,&quot;ajax&quot;:true,&quot;logic&quot;:{&quot;logic&quot;:[],&quot;dependents&quot;:[],&quot;elementIds&quot;:[],&quot;dependentElementIds&quot;:[],&quot;animate&quot;:true},&quot;currentPageId&quot;:1,&quot;errorsIcon&quot;:&quot;&quot;,&quot;updateFancybox&quot;:true,&quot;hasPages&quot;:false,&quot;pages&quot;:[1],&quot;pageProgressType&quot;:&quot;numbers&quot;,&quot;tooltipsEnabled&quot;:true,&quot;tooltipClasses&quot;:&quot;qtip-quform-dark qtip-shadow&quot;,&quot;tooltipMy&quot;:&quot;left center&quot;,&quot;tooltipAt&quot;:&quot;right center&quot;,&quot;isRtl&quot;:false,&quot;scrollOffset&quot;:-50,&quot;scrollSpeed&quot;:800}\" data-trp-original-action=\"\/en\/wp-json\/wp\/v2\/pages\/143#quform-665d10\"><button class=\"quform-default-submit\" name=\"quform_submit\" type=\"submit\" value=\"submit\" aria-hidden=\"true\" tabindex=\"-1\"><\/button><div class=\"quform-form-inner quform-form-inner-1\"><input type=\"hidden\" name=\"quform_form_id\" value=\"1\" \/><input type=\"hidden\" name=\"quform_form_uid\" value=\"665d10\" \/><input type=\"hidden\" name=\"quform_count\" value=\"1\" \/><input type=\"hidden\" name=\"form_url\" value=\"https:\/\/www.intex.com.tr\/en\/wp-json\/wp\/v2\/pages\/143\" \/><input type=\"hidden\" name=\"referring_url\" value=\"\" \/><input type=\"hidden\" name=\"post_id\" value=\"\" \/><input type=\"hidden\" name=\"post_title\" value=\"\" \/><input type=\"hidden\" name=\"quform_current_page_id\" value=\"1\" \/><input type=\"hidden\" name=\"quform_csrf_token\" value=\"kkuW2u8wGp1DGlHyOpxGlFlKwYEtMQOJEjxVXHbz\" \/><div class=\"quform-elements quform-elements-1 quform-cf quform-responsive-elements-phone-landscape\"><div class=\"quform-element quform-element-page quform-page-1 quform-page-1_1 quform-cf quform-group-style-plain quform-first-page quform-last-page quform-current-page\"><div class=\"quform-child-elements\"><div class=\"quform-element quform-element-text quform-element-1_12 quform-cf quform-labels-inside quform-element-required\"><div class=\"quform-spacer\"><div class=\"quform-label quform-label-1_12\"><span class=\"quform-label-icon\"><i class=\"fa fa-user\"><\/i><\/span><label class=\"quform-label-text\" for=\"quform_1_12_665d10\">Your Name &amp; Surname<span class=\"quform-required\">*<\/span><\/label><\/div><div class=\"quform-inner quform-inner-text quform-inner-1_12\"><div class=\"quform-input quform-input-text quform-input-1_12 quform-cf\"><input type=\"text\" id=\"quform_1_12_665d10\" name=\"quform_1_12\" class=\"quform-field quform-field-text quform-field-1_12\" \/><\/div><\/div><\/div><\/div><div class=\"quform-element quform-element-row quform-element-row-1_4 quform-2-columns quform-element-row-size-fixed quform-responsive-columns-phone-landscape\"><div class=\"quform-element quform-element-column quform-element-1_5\"><div class=\"quform-element quform-element-email quform-element-1_7 quform-cf quform-labels-inside quform-element-required\"><div class=\"quform-spacer\"><div class=\"quform-label quform-label-1_7\"><span class=\"quform-label-icon\"><i class=\"fa fa-envelope\"><\/i><\/span><label class=\"quform-label-text\" for=\"quform_1_7_665d10\">Your E-Mail Address<span class=\"quform-required\">*<\/span><\/label><\/div><div class=\"quform-inner quform-inner-email quform-inner-1_7\"><div class=\"quform-input quform-input-email quform-input-1_7 quform-cf\"><input type=\"email\" id=\"quform_1_7_665d10\" name=\"quform_1_7\" class=\"quform-field quform-field-email quform-field-1_7\" \/><\/div><\/div><\/div><\/div><\/div><div class=\"quform-element quform-element-column quform-element-1_6\"><div class=\"quform-element quform-element-text quform-element-1_8 quform-cf quform-labels-inside quform-element-optional\"><div class=\"quform-spacer\"><div class=\"quform-label quform-label-1_8\"><span class=\"quform-label-icon\"><i class=\"fa fa-phone\"><\/i><\/span><label class=\"quform-label-text\" for=\"quform_1_8_665d10\">Your Phone Number<\/label><\/div><div class=\"quform-inner quform-inner-text quform-inner-1_8\"><div class=\"quform-input quform-input-text quform-input-1_8 quform-cf\"><input type=\"text\" id=\"quform_1_8_665d10\" name=\"quform_1_8\" class=\"quform-field quform-field-text quform-field-1_8\" \/><\/div><\/div><\/div><\/div><\/div><\/div><div class=\"quform-element quform-element-textarea quform-element-1_9 quform-cf quform-labels-inside quform-element-required\"><div class=\"quform-spacer\"><div class=\"quform-label quform-label-1_9\"><span class=\"quform-label-icon\"><i class=\"fa fa-pencil-square-o\"><\/i><\/span><label class=\"quform-label-text\" for=\"quform_1_9_665d10\">Your Message<span class=\"quform-required\">*<\/span><\/label><\/div><div class=\"quform-inner quform-inner-textarea quform-inner-1_9\"><div class=\"quform-input quform-input-textarea quform-input-1_9 quform-cf\"><textarea id=\"quform_1_9_665d10\" name=\"quform_1_9\" class=\"quform-field quform-field-textarea quform-field-1_9\"><\/textarea><\/div><\/div><\/div><\/div><div class=\"quform-element quform-element-captcha quform-element-1_14 quform-cf quform-labels-inside quform-element-required\"><div class=\"quform-spacer\"><div class=\"quform-label quform-label-1_14\"><label class=\"quform-label-text\" for=\"quform_1_14_665d10\">Please write the characters<span class=\"quform-required\">*<\/span><\/label><\/div><div class=\"quform-inner quform-inner-captcha quform-inner-1_14\"><div class=\"quform-input quform-input-captcha quform-input-1_14 quform-cf\"><input type=\"text\" id=\"quform_1_14_665d10\" name=\"quform_1_14\" class=\"quform-field quform-field-captcha quform-field-1_14\" \/><\/div><div class=\"quform-captcha quform-cf\"><div class=\"quform-captcha-image quform-captcha-image-1_14\"><img loading=\"lazy\" decoding=\"async\" class=\"quform-captcha-image-img\" src=\"data:image\/png;base64,iVBORw0KGgoAAAANSUhEUgAAAOYAAABQBAMAAAD\/1xTgAAAAG1BMVEX\/\/\/8iIiLj4+OQkJB0dHSsrKzHx8c9PT1ZWVl+DXRhAAAACXBIWXMAAA7EAAAOxAGVKw4bAAADlElEQVRoge1XTVPbMBB1lNjJsUspztGGQnuMW4b2GE9gyBGXj15tpjA9VoWhHBNayN\/uSpZtSU4sM5Nyqd6BD2W1b3e1+6Q4joWFhYWFhYWFhYKdoxen9AB+mK26i9kaOfsAmwYTcnpIYaOdO3IRmI0yAL\/ZYocC4k07zhD8SWo2MnC6wGEqhkBiDs9LBwCvG03mOaehGAVCY3hkDhMK4yYTjAn+HOOPoBUn+WzKocsyeGo0iQBG\/NTTVpyOE8NW4+c9XragwYIAd9HlzDXsnR4uqkqS8\/OAncWrRs68P1Jl7epcjgHJxjn1TI\/mgDdMtd3Fk\/c\/OLRmqeEb1fP8BDCUFnoiwQhOKrar\/emvkwxGvL1K67zZLqG5Pxye6bBydnbDWgZ+KpxcpryDcqnPfY\/nsBXdU3golgdipkCKbiVnOU5dTDrWZhE5hyn+3g7KpazIZ8jGsTxm3DmcGvtDRFceech33E6lzJkc4ykp7d33KTwFLneelEl5vMoubTHJoVT+vr9gWX9XhlpIAsglS7BN2JiN8JjTKnjm6F0LxUpkXwHvGCqfJ3MiUI1diLVhYzbDggZiLcvz81ooc6yU32X\/xZuBbBEVnFX8A\/TLWmYDq1CZ5VwtbiC5bXmUgUNUC3J1cX25vYsHJYU2xO69R5GrDq+QAmq8jvVS1CXOOwz470wuCP4dwiP4pEpeiAYxj2cP1FLMa8MVirg7MmcMowzGFK5LPS+43OUiKaOvvUyi2o5I9E4i1ZYFgpMZw8eySgVnz3wZZFpYWU0skzwVQuUZwCbCKcngtqqS4BzIoS1HpIXVqV0KHW5BIuUQsIlwSpgIluaidzpKTy4F1VSjX7v8sFj+ZH8OqowCUOCyMCtWxLWZGW5sfgqqavRqW7y6JHAGDJaA1KRZnmBklARXc4ULm86lHlauCIG8GvJg51LyeJAP3KFJEmSFLxjmmkbnlDcKJdv4psytjG1ySs0v9I42weSsfheh9\/3JF22jy317U2l3JgoyW8lGuONEu2D5vkfVMl5ara\/yY4LDoznnnf6B5Gnk6ArPR+d3qlm+9033voArSP0VpN28eUCbprdHOiNihYs6yNmC3+7j5R\/n34xc0\/v3+TiGlYLb4X3XN3f2s7E7XVVb5Lxj3xxMb9F1gt3yPq29p\/8pCkVr+Q1vPcif\/W2+1q8PnvrufyFS7Oq2074+7F0HL01pYWFhYWFhYfGf4i9XlIdZzOP7rAAAAABJRU5ErkJggg==\" alt=\"CAPTCHA image\" data-element-id=\"14\" width=\"115\" height=\"40\" \/><\/div><\/div><\/div><\/div><\/div><div class=\"quform-element quform-element-submit quform-element-1_2 quform-cf quform-button-style-theme quform-button-size-medium quform-button-width-medium\"><div class=\"quform-button-submit quform-button-submit-default quform-button-submit-1_2\" data-animation=\"one\"><button name=\"quform_submit\" type=\"submit\" class=\"quform-submit\" value=\"submit\"><span class=\"quform-button-text quform-button-submit-text\">Send<\/span><\/button><\/div><div class=\"quform-loading quform-loading-position-left quform-loading-type-spinner-1\"><div class=\"quform-loading-inner\"><div class=\"quform-loading-spinner\"><div class=\"quform-loading-spinner-inner\"><\/div><\/div><\/div><\/div><\/div><div class=\"quform-element-tree\"><label for=\"quform_1_0_665d10\">This field should be left blank<\/label><input type=\"text\" id=\"quform_1_0_665d10\" name=\"quform_1_0\" class=\"quform-field quform-field-tree quform-field-1_0\" tabindex=\"-1\" autocomplete=\"off\" \/><\/div><\/div><\/div><\/div><\/div><input type=\"hidden\" name=\"trp-form-language\" value=\"en\"\/><\/form><\/div>\n\n\t\t<\/div>\n\t<\/div>\n<\/div><\/div><div class=\"info-box-small vc_column_container col-md-6\"><div class=\"wpb_wrapper vc_column-inner\"><h4  class=\"vc_custom_heading align-left heading-dark\" ><strong>Location<\/strong><\/h4><div class=\"wpb_gmaps_widget wpb_content_element\"><div class=\"wpb_wrapper\"><div class=\"wpb_map_wraper\"><iframe src=\"https:\/\/www.google.com\/maps\/embed?pb=!1m18!1m12!1m3!1d3186.3321675727193!2d35.316524476500184!3d37.00187125630443!2m3!1f0!2f0!3f0!3m2!1i1024!2i768!4f13.1!3m3!1m2!1s0x15288f715df399bb%3A0x15f4154325d32315!2s%C4%B0ntex%20Kimya!5e0!3m2!1str!2str!4v1718700927479!5m2!1str!2str\" width=\"600\" height=\"450\" style=\"border:0;\" allowfullscreen=\"\" loading=\"lazy\" referrerpolicy=\"no-referrer-when-downgrade\"><\/iframe><\/div><\/div><\/div><\/div><\/div><\/div><\/div><\/div>\n<\/section>","protected":false},"excerpt":{"rendered":"Kaliteyi Dokuyan G\u00fc\u00e7...\u0130pliklerinizi G\u00fc\u00e7lendirin, \u00dcretiminizi M\u00fckemmelle\u015ftirin. \u0130leti\u015fim Bilgilerimiz Hakk\u0131m\u0131zda \u0130ntex Kimya, tekstil sekt\u00f6r\u00fcnde faaliyet g\u00f6steren, yenilik\u00e7i ve m\u00fc\u015fteri odakl\u0131 bir kimya \u015firketidir. Y\u0131llar\u0131n tecr\u00fcbesi ve bilgi birikimiyle, ipliklerin mukavemetini art\u0131ran ve \u00fcretim s\u00fcrecinde verimlili\u011fi sa\u011flayan y\u00fcksek kaliteli tekstil ha\u015f\u0131l\u0131 \u00fcr\u00fcnleri sunmaktay\u0131z. Kalite, i\u015fimizin temel ta\u015flar\u0131ndan biridir. \u00dcr\u00fcnlerimiz, uluslararas\u0131 kalite standartlar\u0131na uygun olarak \u00fcretilmekte ve s\u00fcrekli [...]","protected":false},"author":1,"featured_media":0,"parent":0,"menu_order":0,"comment_status":"closed","ping_status":"closed","template":"","meta":{"footnotes":""},"class_list":["post-143","page","type-page","status-publish","hentry"],"_links":{"self":[{"href":"https:\/\/www.intex.com.tr\/en\/wp-json\/wp\/v2\/pages\/143","targetHints":{"allow":["GET"]}}],"collection":[{"href":"https:\/\/www.intex.com.tr\/en\/wp-json\/wp\/v2\/pages"}],"about":[{"href":"https:\/\/www.intex.com.tr\/en\/wp-json\/wp\/v2\/types\/page"}],"author":[{"embeddable":true,"href":"https:\/\/www.intex.com.tr\/en\/wp-json\/wp\/v2\/users\/1"}],"replies":[{"embeddable":true,"href":"https:\/\/www.intex.com.tr\/en\/wp-json\/wp\/v2\/comments?post=143"}],"version-history":[{"count":64,"href":"https:\/\/www.intex.com.tr\/en\/wp-json\/wp\/v2\/pages\/143\/revisions"}],"predecessor-version":[{"id":3067,"href":"https:\/\/www.intex.com.tr\/en\/wp-json\/wp\/v2\/pages\/143\/revisions\/3067"}],"wp:attachment":[{"href":"https:\/\/www.intex.com.tr\/en\/wp-json\/wp\/v2\/media?parent=143"}],"curies":[{"name":"wp","href":"https:\/\/api.w.org\/{rel}","templated":true}]}}