{"id":2446,"date":"2023-04-09T08:53:05","date_gmt":"2023-04-09T08:53:05","guid":{"rendered":"https:\/\/www.intex.com.tr\/?page_id=2446"},"modified":"2024-06-18T08:56:19","modified_gmt":"2024-06-18T08:56:19","slug":"iletisim","status":"publish","type":"page","link":"https:\/\/www.intex.com.tr\/en\/iletisim\/","title":{"rendered":"CONTACT"},"content":{"rendered":"<section class=\"wpb-content-wrapper\"><div class=\"vc_row wpb_row top-row m-b-xl porto-inner-container\"><div class=\"porto-wrap-container container\"><div class=\"row\"><div class=\"vc_column_container col-md-6\"><div class=\"wpb_wrapper vc_column-inner\"><h4  class=\"vc_custom_heading align-left heading-dark\" >Contact <strong>Form<\/strong><\/h4>\n\t<div class=\"wpb_text_column wpb_content_element\" >\n\t\t<div class=\"wpb_wrapper\">\n\t\t\t<div id=\"quform-5c093f\" class=\"quform quform-1 quform-theme-light quform-support-page-caching\"><form id=\"quform-form-5c093f\" class=\"quform-form quform-form-1\" action=\"\/en\/wp-json\/wp\/v2\/pages\/2446#quform-5c093f\" method=\"post\" enctype=\"multipart\/form-data\" novalidate=\"novalidate\" data-options=\"{&quot;id&quot;:1,&quot;uniqueId&quot;:&quot;5c093f&quot;,&quot;theme&quot;:&quot;light&quot;,&quot;ajax&quot;:true,&quot;logic&quot;:{&quot;logic&quot;:[],&quot;dependents&quot;:[],&quot;elementIds&quot;:[],&quot;dependentElementIds&quot;:[],&quot;animate&quot;:true},&quot;currentPageId&quot;:1,&quot;errorsIcon&quot;:&quot;&quot;,&quot;updateFancybox&quot;:true,&quot;hasPages&quot;:false,&quot;pages&quot;:[1],&quot;pageProgressType&quot;:&quot;numbers&quot;,&quot;tooltipsEnabled&quot;:true,&quot;tooltipClasses&quot;:&quot;qtip-quform-dark qtip-shadow&quot;,&quot;tooltipMy&quot;:&quot;left center&quot;,&quot;tooltipAt&quot;:&quot;right center&quot;,&quot;isRtl&quot;:false,&quot;scrollOffset&quot;:-50,&quot;scrollSpeed&quot;:800}\" data-trp-original-action=\"\/en\/wp-json\/wp\/v2\/pages\/2446#quform-5c093f\"><button class=\"quform-default-submit\" name=\"quform_submit\" type=\"submit\" value=\"submit\" aria-hidden=\"true\" tabindex=\"-1\"><\/button><div class=\"quform-form-inner quform-form-inner-1\"><input type=\"hidden\" name=\"quform_form_id\" value=\"1\" \/><input type=\"hidden\" name=\"quform_form_uid\" value=\"5c093f\" \/><input type=\"hidden\" name=\"quform_count\" value=\"1\" \/><input type=\"hidden\" name=\"form_url\" value=\"https:\/\/www.intex.com.tr\/en\/wp-json\/wp\/v2\/pages\/2446\" \/><input type=\"hidden\" name=\"referring_url\" value=\"\" \/><input type=\"hidden\" name=\"post_id\" value=\"\" \/><input type=\"hidden\" name=\"post_title\" value=\"\" \/><input type=\"hidden\" name=\"quform_current_page_id\" value=\"1\" \/><input type=\"hidden\" name=\"quform_csrf_token\" value=\"QarqIJpR3PhQ5IfVdAyqPxAGkUA1bCkNkFWpe7pE\" \/><div class=\"quform-elements quform-elements-1 quform-cf quform-responsive-elements-phone-landscape\"><div class=\"quform-element quform-element-page quform-page-1 quform-page-1_1 quform-cf quform-group-style-plain quform-first-page quform-last-page quform-current-page\"><div class=\"quform-child-elements\"><div class=\"quform-element quform-element-text quform-element-1_12 quform-cf quform-labels-inside quform-element-required\"><div class=\"quform-spacer\"><div class=\"quform-label quform-label-1_12\"><span class=\"quform-label-icon\"><i class=\"fa fa-user\"><\/i><\/span><label class=\"quform-label-text\" for=\"quform_1_12_5c093f\">Your Name &amp; Surname<span class=\"quform-required\">*<\/span><\/label><\/div><div class=\"quform-inner quform-inner-text quform-inner-1_12\"><div class=\"quform-input quform-input-text quform-input-1_12 quform-cf\"><input type=\"text\" id=\"quform_1_12_5c093f\" name=\"quform_1_12\" class=\"quform-field quform-field-text quform-field-1_12\" \/><\/div><\/div><\/div><\/div><div class=\"quform-element quform-element-row quform-element-row-1_4 quform-2-columns quform-element-row-size-fixed quform-responsive-columns-phone-landscape\"><div class=\"quform-element quform-element-column quform-element-1_5\"><div class=\"quform-element quform-element-email quform-element-1_7 quform-cf quform-labels-inside quform-element-required\"><div class=\"quform-spacer\"><div class=\"quform-label quform-label-1_7\"><span class=\"quform-label-icon\"><i class=\"fa fa-envelope\"><\/i><\/span><label class=\"quform-label-text\" for=\"quform_1_7_5c093f\">Your E-Mail Address<span class=\"quform-required\">*<\/span><\/label><\/div><div class=\"quform-inner quform-inner-email quform-inner-1_7\"><div class=\"quform-input quform-input-email quform-input-1_7 quform-cf\"><input type=\"email\" id=\"quform_1_7_5c093f\" name=\"quform_1_7\" class=\"quform-field quform-field-email quform-field-1_7\" \/><\/div><\/div><\/div><\/div><\/div><div class=\"quform-element quform-element-column quform-element-1_6\"><div class=\"quform-element quform-element-text quform-element-1_8 quform-cf quform-labels-inside quform-element-optional\"><div class=\"quform-spacer\"><div class=\"quform-label quform-label-1_8\"><span class=\"quform-label-icon\"><i class=\"fa fa-phone\"><\/i><\/span><label class=\"quform-label-text\" for=\"quform_1_8_5c093f\">Your Phone Number<\/label><\/div><div class=\"quform-inner quform-inner-text quform-inner-1_8\"><div class=\"quform-input quform-input-text quform-input-1_8 quform-cf\"><input type=\"text\" id=\"quform_1_8_5c093f\" name=\"quform_1_8\" class=\"quform-field quform-field-text quform-field-1_8\" \/><\/div><\/div><\/div><\/div><\/div><\/div><div class=\"quform-element quform-element-textarea quform-element-1_9 quform-cf quform-labels-inside quform-element-required\"><div class=\"quform-spacer\"><div class=\"quform-label quform-label-1_9\"><span class=\"quform-label-icon\"><i class=\"fa fa-pencil-square-o\"><\/i><\/span><label class=\"quform-label-text\" for=\"quform_1_9_5c093f\">Your Message<span class=\"quform-required\">*<\/span><\/label><\/div><div class=\"quform-inner quform-inner-textarea quform-inner-1_9\"><div class=\"quform-input quform-input-textarea quform-input-1_9 quform-cf\"><textarea id=\"quform_1_9_5c093f\" name=\"quform_1_9\" class=\"quform-field quform-field-textarea quform-field-1_9\"><\/textarea><\/div><\/div><\/div><\/div><div class=\"quform-element quform-element-captcha quform-element-1_14 quform-cf quform-labels-inside quform-element-required\"><div class=\"quform-spacer\"><div class=\"quform-label quform-label-1_14\"><label class=\"quform-label-text\" for=\"quform_1_14_5c093f\">Please write the characters<span class=\"quform-required\">*<\/span><\/label><\/div><div class=\"quform-inner quform-inner-captcha quform-inner-1_14\"><div class=\"quform-input quform-input-captcha quform-input-1_14 quform-cf\"><input type=\"text\" id=\"quform_1_14_5c093f\" name=\"quform_1_14\" class=\"quform-field quform-field-captcha quform-field-1_14\" \/><\/div><div class=\"quform-captcha quform-cf\"><div class=\"quform-captcha-image quform-captcha-image-1_14\"><img loading=\"lazy\" decoding=\"async\" class=\"quform-captcha-image-img\" src=\"data:image\/png;base64,iVBORw0KGgoAAAANSUhEUgAAAOYAAABQBAMAAAD\/1xTgAAAAG1BMVEX\/\/\/8iIiLHx8eQkJB0dHSsrKzj4+NZWVk9PT22EaOhAAAACXBIWXMAAA7EAAAOxAGVKw4bAAAD+ElEQVRoge1Yy1LbMBR1HpazrArBXjqhlG3dAaZLPCGlS0wosHRSAixxC4VlzBTCZ\/fqLTkuTgrxgvGZATu2pCPde+4jsawKFSpUqFChwlvGaLB\/+7VcvhQDVsoi5HwE70uibGGFg5I4O5wPDrtaEiXlnPYOY7iulcU5xJ5Prml5prVqzKQNjN0lM42PxV2LcS7btGg9UYdy2C2Y9tPMwPX968+vQ3lG41F8amKP\/qcXc2shGbcav5hwvOfTpbBYqkHpOzkJIWJB9EJSNEgwnsAfdqXNbEoPR9\/NDG6KTPG4GEl9a297IOXSoEZdiyD+r9Q+CCdZv3dszoWtef3BN3jji6Hd7hyUiZG5Wcq5qvuJrpfEE28e9LkOZqo6lQclOnAPrAJe5hGTkxg1lVsH2MfUtAS\/tbkB9zBKeU5ktvY2Z5xgHhPjm0GqOFv4lrlNKYihwT3nxfpcvrGAaRwlwr\/vnuNsErqmVhVjRDePsnFBjvBEzjqRj8C0bXpjc3Ji6+kdFcRznA55jfhchohkgHo2zaG7nm+hSC\/a8IHprMU54bj3lnVRVGUduobB6ZBMbuc3BEjPC2DJeNSNST6mnkDc8knBOcEsP0F4ujJAEY9gynbu+ED5GdzpQe7wbojdXbYWPd+wKC\/Dptx+bDyKQIWOOe3DNR8yVOVMJoSV85TGisNt7RRoiOnR9fVHsJjfMqY1hVqIGQWn6ljadl9\/1yjgvLyvH6XYNCQY96qmpSHLCqUbNU4aylPane0KG8TkauvizkEIjkAnmcDo4PZQD2ukisxQpTmSTUAL9VB0SR0+aB5OkmNi\/SHUrkjvQkjw811pGhJcSNTViA+ysWGkGQR0icTkhFXM1Idp4Fn0xDJuE7H0Jdfp\/JwPxOmZpNPRCrZFz8mZLrRwT4WZ61j2LoJz9zlOMJB7m2YTQLYl4PWDmlEul8oxCSMTGmoUcPKsnB2Tms0z0e0Ok4urjRH33Mk1vjMnr2\/SEKx+YfIzEZnRc4ll9laeSuS+IpniJ+TjsIATxdao68887phpCMmvSJoTQskZME6bvw4LOHOwEZNVTOWJ6qk3W5G0bcgdyYKGjF2w3XfArHCuzKwfxPFeX39Uk6EqVA429rYH6eKcAcjxYraTtbrfM11OU0ivIRKRIzPwgpzQv4\/Tf1QyA0h4VzW+sjfxF+MMc4MnDxHryGyl5rP\/5KTlYq7vX6SA\/vq4kWCVg0+I108X5qQSnU\/rgTiWan\/GWz2ovYtyQl883ZlvZJ2HrWdS1LJ96qvCTvKcv1xOCx094T9mYKDzznI5cxDR3NwrlRXnV6qlgutqUibnJv1WU96POhxo1D0smbJChQoVKlR4k\/gLX9mtZK2lWakAAAAASUVORK5CYII=\" alt=\"CAPTCHA image\" data-element-id=\"14\" width=\"115\" height=\"40\" \/><\/div><\/div><\/div><\/div><\/div><div class=\"quform-element quform-element-submit quform-element-1_2 quform-cf quform-button-style-theme quform-button-size-medium quform-button-width-medium\"><div class=\"quform-button-submit quform-button-submit-default quform-button-submit-1_2\" data-animation=\"one\"><button name=\"quform_submit\" type=\"submit\" class=\"quform-submit\" value=\"submit\"><span class=\"quform-button-text quform-button-submit-text\">Send<\/span><\/button><\/div><div class=\"quform-loading quform-loading-position-left quform-loading-type-spinner-1\"><div class=\"quform-loading-inner\"><div class=\"quform-loading-spinner\"><div class=\"quform-loading-spinner-inner\"><\/div><\/div><\/div><\/div><\/div><div class=\"quform-element-tree\"><label for=\"quform_1_0_5c093f\">This field should be left blank<\/label><input type=\"text\" id=\"quform_1_0_5c093f\" name=\"quform_1_0\" class=\"quform-field quform-field-tree quform-field-1_0\" tabindex=\"-1\" autocomplete=\"off\" \/><\/div><\/div><\/div><\/div><\/div><input type=\"hidden\" name=\"trp-form-language\" value=\"en\"\/><\/form><\/div>\n\n\t\t<\/div>\n\t<\/div>\n<\/div><\/div><div class=\"info-box-small vc_column_container col-md-6\"><div class=\"wpb_wrapper vc_column-inner\"><h4  class=\"vc_custom_heading align-left heading-dark\" ><strong>Contact<\/strong> Details<\/h4><div class=\"porto-sicon-box  wpb_custom_1efe903570d178ff0a9b7bfa5febd3a4 style_1 default-icon\"><div class=\"porto-sicon-default\"><div class=\"porto-just-icon-wrapper porto-icon none\" style=\"color:#004185;font-size:20px;\"><i class=\"fas fa-map-marker-alt\"><\/i><\/div><\/div><div class=\"porto-sicon-header\"><p><strong>Address:<\/strong> Kurtulu\u015f Mh. 64016 Sk. G\u00fclay Apt. Kat:1 D:1 Seyhan\/ADANA\/T\u00dcRK\u0130YE<\/p><\/div> <!-- header --><\/div><!-- porto-sicon-box --><div class=\"porto-sicon-box  wpb_custom_1efe903570d178ff0a9b7bfa5febd3a4 style_1 default-icon\"><div class=\"porto-sicon-default\"><div class=\"porto-just-icon-wrapper porto-icon none\" style=\"color:#004185;font-size:20px;\"><i class=\"fas fa-mobile-alt\"><\/i><\/div><\/div><div class=\"porto-sicon-header\"><p><strong>Telephone<\/strong>: +90 (532) 673 40 44<\/p><\/div> <!-- header --><\/div><!-- porto-sicon-box --><div class=\"porto-sicon-box  wpb_custom_1efe903570d178ff0a9b7bfa5febd3a4 style_1 default-icon\"><div class=\"porto-sicon-default\"><div class=\"porto-just-icon-wrapper porto-icon none\" style=\"color:#004185;font-size:20px;\"><i class=\"fas fa-envelope\"><\/i><\/div><\/div><div class=\"porto-sicon-header\"><p><strong>Email<\/strong>: info@intex.com.tr<\/p><\/div> <!-- header --><\/div><!-- porto-sicon-box --><h4  class=\"vc_custom_heading mt-5 align-left heading-dark\" >Working <strong>Hours<\/strong><\/h4><div class=\"porto-sicon-box  wpb_custom_1efe903570d178ff0a9b7bfa5febd3a4 style_1 default-icon\"><div class=\"porto-sicon-default\"><div class=\"porto-just-icon-wrapper porto-icon none\" style=\"font-size:14px;\"><i class=\"far fa-clock\"><\/i><\/div><\/div><div class=\"porto-sicon-header\"><p>Monday | Friday 08:30 - 18:30<\/p><\/div> <!-- header --><\/div><!-- porto-sicon-box --><div class=\"porto-sicon-box  wpb_custom_1efe903570d178ff0a9b7bfa5febd3a4 style_1 default-icon\"><div class=\"porto-sicon-default\"><div class=\"porto-just-icon-wrapper porto-icon none\" style=\"font-size:14px;\"><i class=\"far fa-clock\"><\/i><\/div><\/div><div class=\"porto-sicon-header\"><p>Saturday 08:30 - 17:00<\/p><\/div> <!-- header --><\/div><!-- porto-sicon-box --><div class=\"porto-sicon-box  wpb_custom_1efe903570d178ff0a9b7bfa5febd3a4 style_1 default-icon\"><div class=\"porto-sicon-default\"><div class=\"porto-just-icon-wrapper porto-icon none\" style=\"font-size:14px;\"><i class=\"far fa-clock\"><\/i><\/div><\/div><div class=\"porto-sicon-header\"><p>Sunday - Closed<\/p><\/div> <!-- header --><\/div><!-- porto-sicon-box --><\/div><\/div><\/div><\/div><\/div><div data-vc-full-width=\"true\" data-vc-full-width-init=\"false\" data-vc-stretch-content=\"true\" class=\"vc_row wpb_row row top-row vc_row-no-padding\"><div class=\"vc_column_container col-md-12\"><div class=\"wpb_wrapper vc_column-inner\"><div class=\"wpb_gmaps_widget wpb_content_element\"><div class=\"wpb_wrapper\"><div class=\"wpb_map_wraper\"><iframe src=\"https:\/\/www.google.com\/maps\/embed?pb=!1m18!1m12!1m3!1d3186.3321675727193!2d35.316524476500184!3d37.00187125630443!2m3!1f0!2f0!3f0!3m2!1i1024!2i768!4f13.1!3m3!1m2!1s0x15288f715df399bb%3A0x15f4154325d32315!2s%C4%B0ntex%20Kimya!5e0!3m2!1str!2str!4v1718700927479!5m2!1str!2str\" width=\"600\" height=\"450\" style=\"border:0;\" allowfullscreen=\"\" loading=\"lazy\" referrerpolicy=\"no-referrer-when-downgrade\"><\/iframe><\/div><\/div><\/div><\/div><\/div><\/div><div class=\"vc_row-full-width vc_clearfix\"><\/div>\n<\/section>","protected":false},"excerpt":{"rendered":"\u0130leti\u015fim Formu Ad\u0131n\u0131z Soyad\u0131n\u0131z*E-posta adresiniz*Telefon Numaran\u0131zMesaj\u0131n\u0131z*L\u00fctfen karakterleri yaz\u0131n*SendThis field should be left blank \u0130leti\u015fim Detaylar\u0131Adres: Kurtulu\u015f Mh. 64016 Sk. G\u00fclay Apt. Kat:1 D:1 Seyhan\/ADANA Telefon: +90 (532) 673 40 44 Email: info@intex.com.tr \u00c7al\u0131\u015fma SaatlerimizPazartesi | Cuma 08:30 - 18:30 Cumartesi 08:30 - 17:00 Pazar - Kapal\u0131","protected":false},"author":1,"featured_media":0,"parent":0,"menu_order":0,"comment_status":"closed","ping_status":"closed","template":"","meta":{"footnotes":""},"class_list":["post-2446","page","type-page","status-publish","hentry"],"_links":{"self":[{"href":"https:\/\/www.intex.com.tr\/en\/wp-json\/wp\/v2\/pages\/2446","targetHints":{"allow":["GET"]}}],"collection":[{"href":"https:\/\/www.intex.com.tr\/en\/wp-json\/wp\/v2\/pages"}],"about":[{"href":"https:\/\/www.intex.com.tr\/en\/wp-json\/wp\/v2\/types\/page"}],"author":[{"embeddable":true,"href":"https:\/\/www.intex.com.tr\/en\/wp-json\/wp\/v2\/users\/1"}],"replies":[{"embeddable":true,"href":"https:\/\/www.intex.com.tr\/en\/wp-json\/wp\/v2\/comments?post=2446"}],"version-history":[{"count":16,"href":"https:\/\/www.intex.com.tr\/en\/wp-json\/wp\/v2\/pages\/2446\/revisions"}],"predecessor-version":[{"id":2978,"href":"https:\/\/www.intex.com.tr\/en\/wp-json\/wp\/v2\/pages\/2446\/revisions\/2978"}],"wp:attachment":[{"href":"https:\/\/www.intex.com.tr\/en\/wp-json\/wp\/v2\/media?parent=2446"}],"curies":[{"name":"wp","href":"https:\/\/api.w.org\/{rel}","templated":true}]}}