{"id":2991,"date":"2024-06-23T09:31:47","date_gmt":"2024-06-23T09:31:47","guid":{"rendered":"https:\/\/www.intex.com.tr\/?page_id=2991"},"modified":"2024-07-01T09:00:36","modified_gmt":"2024-07-01T09:00:36","slug":"compaund-hasil-maddeleri","status":"publish","type":"page","link":"https:\/\/www.intex.com.tr\/en\/urunler\/compaund-hasil-maddeleri\/","title":{"rendered":"Compaund Sizing Agents"},"content":{"rendered":"<section class=\"wpb-content-wrapper\"><div class=\"vc_row wpb_row row top-row\"><div class=\"vc_column_container col-md-12\"><div class=\"wpb_wrapper vc_column-inner\">\r\n\t<div class=\"wpb_single_image wpb_content_element vc_align_center\">\r\n\t\t<div class=\"wpb_wrapper\">\r\n\t\t\t\r\n\t\t\t<div class=\"vc_single_image-wrapper vc_box_shadow_3d  vc_box_border_grey\"><span class=\"vc_box_shadow_3d_wrap\"><img loading=\"lazy\" decoding=\"async\" width=\"1640\" height=\"605\" src=\"https:\/\/www.intex.com.tr\/wp-content\/uploads\/2024\/06\/banner.jpg\" class=\"vc_single_image-img attachment-full\" alt=\"\" title=\"\" srcset=\"https:\/\/www.intex.com.tr\/wp-content\/uploads\/2024\/06\/banner.jpg 1640w, https:\/\/www.intex.com.tr\/wp-content\/uploads\/2024\/06\/banner-1024x378.jpg 1024w, https:\/\/www.intex.com.tr\/wp-content\/uploads\/2024\/06\/banner-768x283.jpg 768w, https:\/\/www.intex.com.tr\/wp-content\/uploads\/2024\/06\/banner-1536x567.jpg 1536w, https:\/\/www.intex.com.tr\/wp-content\/uploads\/2024\/06\/banner-640x236.jpg 640w, https:\/\/www.intex.com.tr\/wp-content\/uploads\/2024\/06\/banner-400x148.jpg 400w\" sizes=\"auto, (max-width: 1640px) 100vw, 1640px\" \/><\/span><\/div>\r\n\t\t<\/div>\r\n\t<\/div>\r\n<\/div><\/div><\/div><div class=\"vc_row wpb_row row top-row\"><div class=\"vc_column_container col-md-12\"><div class=\"wpb_wrapper vc_column-inner\">\n\t<div class=\"wpb_text_column wpb_content_element\" >\n\t\t<div class=\"wpb_wrapper\">\n\t\t\t<p>Compound sizing agents are special formulations used in the textile industry that improve production processes by increasing the strength of yarns. They consist of a mixture of various sizing components and each component provides different advantages to the yarns. Compound sizing agents offer superior performance by combining the best properties of natural and synthetic sizing agents.<\/p>\n<p>Compound sizing agents offer ideal solutions to improve the quality and durability of yarns in the textile industry. By facilitating the processing of yarns, they increase the efficiency of production processes and improve the quality of final products. Therefore, compound sizing agents are among the indispensable components for modern textile manufacturers.<\/p>\n\n\t\t<\/div>\n\t<\/div>\n<\/div><\/div><\/div><div class=\"vc_row wpb_row row top-row\"><div class=\"vc_column_container col-md-3\"><div class=\"wpb_wrapper vc_column-inner\"><div class=\"porto-sicon-box  vc_custom_1719218076179  wpb_custom_6bd3ea43243bb56571d580d187f8d1d7 style_1 top-icon\"><div class=\"porto-sicon-top\"><div id=\"porto-icon-213048429469e74823c7b7a\" class=\"porto-just-icon-wrapper porto-sicon-img\" style=\"font-size: 48px;\" data-appear-animation=\"fadeIn\"><img loading=\"lazy\" decoding=\"async\" class=\"img-icon\" alt=\"\" src=\"https:\/\/www.intex.com.tr\/wp-content\/uploads\/2024\/06\/yarn-2.png\" width=\"256\" height=\"256\" \/><\/div><\/div><div class=\"porto-sicon-header\"><h4 class=\"porto-sicon-title\" style=\"font-weight:700;font-size:18.2px;line-height:32px;\">Insize DTC<\/h4><\/div> <!-- header --><\/div><!-- porto-sicon-box --><\/div><\/div><div class=\"vc_column_container col-md-3\"><div class=\"wpb_wrapper vc_column-inner\"><div class=\"porto-sicon-box  vc_custom_1719218065868  wpb_custom_6bd3ea43243bb56571d580d187f8d1d7 style_1 top-icon\"><div class=\"porto-sicon-top\"><div id=\"porto-icon-132120508169e74823c80e6\" class=\"porto-just-icon-wrapper porto-sicon-img\" style=\"font-size: 48px;\" data-appear-animation=\"fadeIn\"><img loading=\"lazy\" decoding=\"async\" class=\"img-icon\" alt=\"\" src=\"https:\/\/www.intex.com.tr\/wp-content\/uploads\/2024\/06\/yarn-2.png\" width=\"256\" height=\"256\" \/><\/div><\/div><div class=\"porto-sicon-header\"><h4 class=\"porto-sicon-title\" style=\"font-weight:700;font-size:18.2px;line-height:32px;\">Insize MG<\/h4><\/div> <!-- header --><\/div><!-- porto-sicon-box --><\/div><\/div><div class=\"vc_column_container col-md-3\"><div class=\"wpb_wrapper vc_column-inner\"><div class=\"porto-sicon-box  vc_custom_1719218106722  wpb_custom_6bd3ea43243bb56571d580d187f8d1d7 style_1 top-icon\"><div class=\"porto-sicon-top\"><div id=\"porto-icon-16231861069e74823c85bc\" class=\"porto-just-icon-wrapper porto-sicon-img\" style=\"font-size: 48px;\" data-appear-animation=\"fadeIn\"><img loading=\"lazy\" decoding=\"async\" class=\"img-icon\" alt=\"\" src=\"https:\/\/www.intex.com.tr\/wp-content\/uploads\/2024\/06\/yarn-2.png\" width=\"256\" height=\"256\" \/><\/div><\/div><div class=\"porto-sicon-header\"><h4 class=\"porto-sicon-title\" style=\"font-weight:700;font-size:18.2px;line-height:32px;\">Insize C45<\/h4><\/div> <!-- header --><\/div><!-- porto-sicon-box --><\/div><\/div><div class=\"vc_column_container col-md-3\"><div class=\"wpb_wrapper vc_column-inner\"><div class=\"porto-sicon-box  vc_custom_1719218118563  wpb_custom_6bd3ea43243bb56571d580d187f8d1d7 style_1 top-icon\"><div class=\"porto-sicon-top\"><div id=\"porto-icon-121254137969e74823c8b0f\" class=\"porto-just-icon-wrapper porto-sicon-img\" style=\"font-size: 48px;\" data-appear-animation=\"fadeIn\"><img loading=\"lazy\" decoding=\"async\" class=\"img-icon\" alt=\"\" src=\"https:\/\/www.intex.com.tr\/wp-content\/uploads\/2024\/06\/yarn-2.png\" width=\"256\" height=\"256\" \/><\/div><\/div><div class=\"porto-sicon-header\"><h4 class=\"porto-sicon-title\" style=\"font-weight:700;font-size:18.2px;line-height:32px;\">Insize ELX 20<\/h4><\/div> <!-- header --><\/div><!-- porto-sicon-box --><\/div><\/div><\/div><div class=\"vc_row wpb_row row top-row\"><div class=\"vc_column_container col-md-3\"><div class=\"wpb_wrapper vc_column-inner\"><div class=\"porto-sicon-box  vc_custom_1719218131655  wpb_custom_6bd3ea43243bb56571d580d187f8d1d7 style_1 top-icon\"><div class=\"porto-sicon-top\"><div id=\"porto-icon-81378901269e74823c9270\" class=\"porto-just-icon-wrapper porto-sicon-img\" style=\"font-size: 48px;\" data-appear-animation=\"fadeIn\"><img loading=\"lazy\" decoding=\"async\" class=\"img-icon\" alt=\"\" src=\"https:\/\/www.intex.com.tr\/wp-content\/uploads\/2024\/06\/yarn-2.png\" width=\"256\" height=\"256\" \/><\/div><\/div><div class=\"porto-sicon-header\"><h4 class=\"porto-sicon-title\" style=\"font-weight:700;font-size:18.2px;line-height:32px;\">Insize ELX45<\/h4><\/div> <!-- header --><\/div><!-- porto-sicon-box --><\/div><\/div><div class=\"vc_column_container col-md-3\"><div class=\"wpb_wrapper vc_column-inner\"><div class=\"porto-sicon-box  vc_custom_1719218142286  wpb_custom_6bd3ea43243bb56571d580d187f8d1d7 style_1 top-icon\"><div class=\"porto-sicon-top\"><div id=\"porto-icon-203165483769e74823c9750\" class=\"porto-just-icon-wrapper porto-sicon-img\" style=\"font-size: 48px;\" data-appear-animation=\"fadeIn\"><img loading=\"lazy\" decoding=\"async\" class=\"img-icon\" alt=\"\" src=\"https:\/\/www.intex.com.tr\/wp-content\/uploads\/2024\/06\/yarn-2.png\" width=\"256\" height=\"256\" \/><\/div><\/div><div class=\"porto-sicon-header\"><h4 class=\"porto-sicon-title\" style=\"font-weight:700;font-size:18.2px;line-height:32px;\">Insize ELX 60<\/h4><\/div> <!-- header --><\/div><!-- porto-sicon-box --><\/div><\/div><div class=\"vc_column_container col-md-3\"><div class=\"wpb_wrapper vc_column-inner\"><div class=\"porto-sicon-box  vc_custom_1719218154298  wpb_custom_6bd3ea43243bb56571d580d187f8d1d7 style_1 top-icon\"><div class=\"porto-sicon-top\"><div id=\"porto-icon-208707687369e74823c9c29\" class=\"porto-just-icon-wrapper porto-sicon-img\" style=\"font-size: 48px;\" data-appear-animation=\"fadeIn\"><img loading=\"lazy\" decoding=\"async\" class=\"img-icon\" alt=\"\" src=\"https:\/\/www.intex.com.tr\/wp-content\/uploads\/2024\/06\/yarn-2.png\" width=\"256\" height=\"256\" \/><\/div><\/div><div class=\"porto-sicon-header\"><h4 class=\"porto-sicon-title\" style=\"font-weight:700;font-size:18.2px;line-height:32px;\">Insize ELS<\/h4><\/div> <!-- header --><\/div><!-- porto-sicon-box --><\/div><\/div><div class=\"vc_column_container col-md-3\"><div class=\"wpb_wrapper vc_column-inner\"><div class=\"porto-sicon-box  vc_custom_1719218164509  wpb_custom_6bd3ea43243bb56571d580d187f8d1d7 style_1 top-icon\"><div class=\"porto-sicon-top\"><div id=\"porto-icon-166588685469e74823ca0fa\" class=\"porto-just-icon-wrapper porto-sicon-img\" style=\"font-size: 48px;\" data-appear-animation=\"fadeIn\"><img loading=\"lazy\" decoding=\"async\" class=\"img-icon\" alt=\"\" src=\"https:\/\/www.intex.com.tr\/wp-content\/uploads\/2024\/06\/yarn-2.png\" width=\"256\" height=\"256\" \/><\/div><\/div><div class=\"porto-sicon-header\"><h4 class=\"porto-sicon-title\" style=\"font-weight:700;font-size:18.2px;line-height:32px;\">Insize PES<\/h4><\/div> <!-- header --><\/div><!-- porto-sicon-box --><\/div><\/div><\/div><div class=\"vc_row wpb_row row top-row\"><div class=\"vc_column_container col-md-3\"><div class=\"wpb_wrapper vc_column-inner\"><div class=\"porto-sicon-box  vc_custom_1719218179960  wpb_custom_6bd3ea43243bb56571d580d187f8d1d7 style_1 top-icon\"><div class=\"porto-sicon-top\"><div id=\"porto-icon-41446120869e74823caa34\" class=\"porto-just-icon-wrapper porto-sicon-img\" style=\"font-size: 48px;\" data-appear-animation=\"fadeIn\"><img loading=\"lazy\" decoding=\"async\" class=\"img-icon\" alt=\"\" src=\"https:\/\/www.intex.com.tr\/wp-content\/uploads\/2024\/06\/yarn-2.png\" width=\"256\" height=\"256\" \/><\/div><\/div><div class=\"porto-sicon-header\"><h4 class=\"porto-sicon-title\" style=\"font-weight:700;font-size:18.2px;line-height:32px;\">Insize ST100<\/h4><\/div> <!-- header --><\/div><!-- porto-sicon-box --><\/div><\/div><div class=\"vc_column_container col-md-3\"><div class=\"wpb_wrapper vc_column-inner\"><\/div><\/div><div class=\"vc_column_container col-md-3\"><div class=\"wpb_wrapper vc_column-inner\"><\/div><\/div><div class=\"vc_column_container col-md-3\"><div class=\"wpb_wrapper vc_column-inner\"><\/div><\/div><\/div>\n<\/section>","protected":false},"excerpt":{"rendered":"Compound ha\u015f\u0131l maddeleri, tekstil end\u00fcstrisinde kullan\u0131lan ve ipliklerin mukavemetini art\u0131rarak \u00fcretim s\u00fcre\u00e7lerini iyile\u015ftiren \u00f6zel form\u00fclasyonlard\u0131r. Bu maddeler, \u00e7e\u015fitli ha\u015f\u0131l bile\u015fenlerinin kar\u0131\u015f\u0131m\u0131ndan olu\u015fur ve her bile\u015fen, ipliklere farkl\u0131 avantajlar sa\u011flar. Compound ha\u015f\u0131l maddeleri, do\u011fal ve sentetik ha\u015f\u0131l maddelerinin en iyi \u00f6zelliklerini bir araya getirerek \u00fcst\u00fcn performans sunar. Compound ha\u015f\u0131l maddeleri, tekstil end\u00fcstrisinde ipliklerin kalitesini ve dayan\u0131kl\u0131l\u0131\u011f\u0131n\u0131 [...]","protected":false},"author":1,"featured_media":0,"parent":2986,"menu_order":0,"comment_status":"closed","ping_status":"closed","template":"","meta":{"footnotes":""},"class_list":["post-2991","page","type-page","status-publish","hentry"],"_links":{"self":[{"href":"https:\/\/www.intex.com.tr\/en\/wp-json\/wp\/v2\/pages\/2991","targetHints":{"allow":["GET"]}}],"collection":[{"href":"https:\/\/www.intex.com.tr\/en\/wp-json\/wp\/v2\/pages"}],"about":[{"href":"https:\/\/www.intex.com.tr\/en\/wp-json\/wp\/v2\/types\/page"}],"author":[{"embeddable":true,"href":"https:\/\/www.intex.com.tr\/en\/wp-json\/wp\/v2\/users\/1"}],"replies":[{"embeddable":true,"href":"https:\/\/www.intex.com.tr\/en\/wp-json\/wp\/v2\/comments?post=2991"}],"version-history":[{"count":10,"href":"https:\/\/www.intex.com.tr\/en\/wp-json\/wp\/v2\/pages\/2991\/revisions"}],"predecessor-version":[{"id":3073,"href":"https:\/\/www.intex.com.tr\/en\/wp-json\/wp\/v2\/pages\/2991\/revisions\/3073"}],"up":[{"embeddable":true,"href":"https:\/\/www.intex.com.tr\/en\/wp-json\/wp\/v2\/pages\/2986"}],"wp:attachment":[{"href":"https:\/\/www.intex.com.tr\/en\/wp-json\/wp\/v2\/media?parent=2991"}],"curies":[{"name":"wp","href":"https:\/\/api.w.org\/{rel}","templated":true}]}}